{"id":903,"date":"2024-04-29T11:04:12","date_gmt":"2024-04-29T11:04:12","guid":{"rendered":"https:\/\/themes.templatescoder.com\/sastra-addon\/demo-05\/?page_id=903"},"modified":"2025-11-15T00:02:30","modified_gmt":"2025-11-15T00:02:30","slug":"noticias","status":"publish","type":"page","link":"https:\/\/suhre.com.br\/?page_id=903","title":{"rendered":"NOT\u00cdCIAS"},"content":{"rendered":"\t\t<div data-elementor-type=\"wp-page\" data-elementor-id=\"903\" class=\"elementor elementor-903\" data-elementor-post-type=\"page\">\n\t\t\t\t\t\t<section class=\"elementor-section elementor-top-section elementor-element elementor-element-f7a78d3 elementor-section-content-top elementor-section-boxed elementor-section-height-default elementor-section-height-default tmpcoder-particle-no tmpcoder-sticky-section-no\" data-id=\"f7a78d3\" data-element_type=\"section\" data-settings=\"{&quot;background_background&quot;:&quot;classic&quot;}\">\n\t\t\t\t\t\t<div class=\"elementor-container elementor-column-gap-default\">\n\t\t\t\t\t<div class=\"elementor-column elementor-col-100 elementor-top-column elementor-element elementor-element-a39cd63\" data-id=\"a39cd63\" data-element_type=\"column\" data-settings=\"{&quot;animation&quot;:&quot;none&quot;}\">\n\t\t\t<div class=\"elementor-widget-wrap elementor-element-populated\">\n\t\t\t\t\t\t<div class=\"elementor-element elementor-element-82f5f29 elementor-widget elementor-widget-heading\" data-id=\"82f5f29\" data-element_type=\"widget\" data-widget_type=\"heading.default\">\n\t\t\t\t<div class=\"elementor-widget-container\">\n\t\t\t\t\t<h2 class=\"elementor-heading-title elementor-size-default\">Confira as not\u00edcias e artigos<\/h2>\t\t\t\t<\/div>\n\t\t\t\t<\/div>\n\t\t\t\t<section class=\"elementor-section elementor-inner-section elementor-element elementor-element-8d4e981 elementor-section-boxed elementor-section-height-default elementor-section-height-default tmpcoder-jarallax-no tmpcoder-parallax-no tmpcoder-particle-no tmpcoder-sticky-section-no\" data-id=\"8d4e981\" data-element_type=\"section\">\n\t\t\t\t\t\t<div class=\"elementor-container elementor-column-gap-default\">\n\t\t\t\t\t<div class=\"elementor-column elementor-col-100 elementor-inner-column elementor-element elementor-element-103d106\" data-id=\"103d106\" data-element_type=\"column\">\n\t\t\t<div class=\"elementor-widget-wrap elementor-element-populated\">\n\t\t\t\t\t\t<div class=\"elementor-element elementor-element-dd5a088 tmpcoder-grid-columns-3 tmpcoder-grid-columns--tablet1 tmpcoder-grid-columns--mobile1 tmpcoder-item-styles-inner elementor-invisible elementor-widget elementor-widget-tmpcoder-post-grid\" data-id=\"dd5a088\" data-element_type=\"widget\" data-settings=\"{&quot;layout_columns&quot;:&quot;3&quot;,&quot;layout_gutter_vr&quot;:{&quot;unit&quot;:&quot;px&quot;,&quot;size&quot;:14,&quot;sizes&quot;:[]},&quot;layout_columns_tablet&quot;:1,&quot;_animation&quot;:&quot;fadeInUp&quot;,&quot;layout_gutter_vr_tablet&quot;:{&quot;unit&quot;:&quot;px&quot;,&quot;size&quot;:35,&quot;sizes&quot;:[]},&quot;layout_gutter_vr_mobile&quot;:{&quot;unit&quot;:&quot;px&quot;,&quot;size&quot;:35,&quot;sizes&quot;:[]},&quot;layout_select&quot;:&quot;fitRows&quot;,&quot;layout_columns_mobile&quot;:1}\" data-widget_type=\"tmpcoder-post-grid.default\">\n\t\t\t\t<div class=\"elementor-widget-container\">\n\t\t\t\t\t<ul class=\"tmpcoder-grid-filters elementor-clearfix tmpcoder-grid-filters-sep-right\"><li class=\" tmpcoder-pointer-none tmpcoder-pointer-line-fx tmpcoder-pointer-fx-none\"><span data-filter=\"*\" class=\"tmpcoder-active-filter \">All<\/span><em class=\"tmpcoder-grid-filters-sep\"><\/em><\/li><li class=\" tmpcoder-pointer-none tmpcoder-pointer-line-fx tmpcoder-pointer-fx-none\"><span data-filter=\".category-geral\">Geral<\/span><em class=\"tmpcoder-grid-filters-sep\"><\/em><\/li><li class=\" tmpcoder-pointer-none tmpcoder-pointer-line-fx tmpcoder-pointer-fx-none\"><span data-filter=\".category-uncategorized\">Uncategorized<\/span><em class=\"tmpcoder-grid-filters-sep\"><\/em><\/li><\/ul><section class=\"tmpcoder-grid elementor-clearfix\" data-settings=\"{&quot;layout&quot;:&quot;fitRows&quot;,&quot;stick_last_element_to_bottom&quot;:&quot;&quot;,&quot;columns_desktop&quot;:&quot;3&quot;,&quot;gutter_hr&quot;:21,&quot;gutter_hr_mobile&quot;:21,&quot;gutter_hr_mobile_extra&quot;:21,&quot;gutter_hr_tablet&quot;:21,&quot;gutter_hr_tablet_extra&quot;:21,&quot;gutter_hr_laptop&quot;:21,&quot;gutter_hr_widescreen&quot;:21,&quot;gutter_vr&quot;:14,&quot;gutter_vr_mobile&quot;:35,&quot;gutter_vr_mobile_extra&quot;:35,&quot;gutter_vr_tablet&quot;:35,&quot;gutter_vr_tablet_extra&quot;:14,&quot;gutter_vr_laptop&quot;:14,&quot;gutter_vr_widescreen&quot;:14,&quot;animation&quot;:&quot;default&quot;,&quot;animation_duration&quot;:0.299999999999999988897769753748434595763683319091796875,&quot;animation_delay&quot;:0.1000000000000000055511151231257827021181583404541015625,&quot;deeplinking&quot;:&quot;&quot;,&quot;filters_linkable&quot;:&quot;no&quot;,&quot;filters_default_filter&quot;:&quot;&quot;,&quot;filters_count&quot;:&quot;&quot;,&quot;filters_hide_empty&quot;:&quot;yes&quot;,&quot;filters_animation&quot;:&quot;default&quot;,&quot;filters_animation_duration&quot;:0.299999999999999988897769753748434595763683319091796875,&quot;filters_animation_delay&quot;:0.1000000000000000055511151231257827021181583404541015625,&quot;pagination_type&quot;:&quot;numbered&quot;,&quot;pagination_max_pages&quot;:2,&quot;lightbox&quot;:{&quot;selector&quot;:&quot;.tmpcoder-grid-image-wrap&quot;,&quot;iframeMaxWidth&quot;:&quot;60%&quot;,&quot;hash&quot;:false,&quot;autoplay&quot;:&quot;true&quot;,&quot;pause&quot;:5000,&quot;progressBar&quot;:&quot;true&quot;,&quot;counter&quot;:&quot;true&quot;,&quot;controls&quot;:&quot;true&quot;,&quot;getCaptionFromTitleOrAlt&quot;:&quot;true&quot;,&quot;thumbnail&quot;:&quot;&quot;,&quot;showThumbByDefault&quot;:&quot;&quot;,&quot;share&quot;:&quot;&quot;,&quot;zoom&quot;:&quot;true&quot;,&quot;fullScreen&quot;:&quot;true&quot;,&quot;download&quot;:&quot;true&quot;},&quot;query&quot;:{&quot;query_source&quot;:&quot;post&quot;,&quot;query_selection&quot;:&quot;dynamic&quot;,&quot;order_posts&quot;:&quot;date&quot;,&quot;order_direction&quot;:&quot;ASC&quot;,&quot;query_posts_per_page&quot;:6,&quot;query_offset&quot;:0}}\"><article class=\"tmpcoder-grid-item elementor-clearfix post-1916 post type-post status-publish format-standard has-post-thumbnail hentry category-geral\"><div class=\"tmpcoder-grid-item-inner\"><div class=\"tmpcoder-grid-media-wrap tmpcoder-effect-size-medium \" data-overlay-link=\"yes\"><a target=\"_self\" class=\"tmpcoder-grid-media-link\" href=\"https:\/\/suhre.com.br\/?p=1916\"><\/a><div class=\"tmpcoder-grid-image-wrap\" data-src=\"https:\/\/suhre.com.br\/wp-content\/uploads\/2025\/11\/Certficado-digital1l-161x300.jpg\" data-img-on-hover=\"\" data-src-secondary=\"\"><img decoding=\"async\" width=\"161\" height=\"300\" src=\"https:\/\/suhre.com.br\/wp-content\/uploads\/2025\/11\/Certficado-digital1l-161x300.jpg\" class=\"attachment-medium size-medium wp-image-2005 grid-main-image tmpcoder-anim-timing-ease-default\" alt=\"\" srcset=\"https:\/\/suhre.com.br\/wp-content\/uploads\/2025\/11\/Certficado-digital1l-161x300.jpg 161w, https:\/\/suhre.com.br\/wp-content\/uploads\/2025\/11\/Certficado-digital1l.jpg 316w\" sizes=\"(max-width: 161px) 100vw, 161px\" \/><\/div><div class=\"tmpcoder-grid-media-hover tmpcoder-animation-wrap\"><div class=\"tmpcoder-grid-media-hover-bg  tmpcoder-overlay-fade-in tmpcoder-anim-size-large tmpcoder-anim-timing-ease-default tmpcoder-anim-transparency\" data-url=\"https:\/\/suhre.com.br\/?p=1916\"><\/div><\/div><\/div><div class=\"tmpcoder-grid-item-below-content elementor-clearfix\"><h2 class=\"tmpcoder-grid-item-title elementor-repeater-item-b9576fb tmpcoder-grid-item-display-block tmpcoder-grid-item-align-left tmpcoder-pointer-none tmpcoder-pointer-line-fx tmpcoder-pointer-fx-fade\"><div class=\"inner-block\"><a target=\"_self\"  href=\"https:\/\/suhre.com.br\/?p=1916\">CERTIFICADO DIGITAL<\/a><\/div><\/h2><div class=\"tmpcoder-grid-item-excerpt elementor-repeater-item-0025724 tmpcoder-grid-item-display-block tmpcoder-grid-item-align-left\"><div class=\"inner-block\"><p>O Certificado Digital \u00e9 a&nbsp;identidade virtual de pessoas e empresas. Ele garante validade jur\u00eddica e seguran\u00e7a para a assinatura eletr\u00f4nica de documentos e contratos,&hellip;<\/p><\/div><\/div><div class=\"tmpcoder-grid-item-read-more elementor-repeater-item-716d6c5 tmpcoder-grid-item-display-block tmpcoder-grid-item-align-left\"><div class=\"inner-block\"><a target=\"_self\" href=\"https:\/\/suhre.com.br\/?p=1916\" class=\"tmpcoder-button-effect tmpcoder-button-none\"><span>leia mais<\/span><\/a><\/div><\/div><\/div><\/div><\/article><article class=\"tmpcoder-grid-item elementor-clearfix post-2030 post type-post status-publish format-standard hentry category-uncategorized\"><div class=\"tmpcoder-grid-item-inner\"><div class=\"tmpcoder-grid-item-below-content elementor-clearfix\"><h2 class=\"tmpcoder-grid-item-title elementor-repeater-item-b9576fb tmpcoder-grid-item-display-block tmpcoder-grid-item-align-left tmpcoder-pointer-none tmpcoder-pointer-line-fx tmpcoder-pointer-fx-fade\"><div class=\"inner-block\"><a target=\"_self\"  href=\"https:\/\/suhre.com.br\/?p=2030\">REFORMA TRIBUTARIA<\/a><\/div><\/h2><div class=\"tmpcoder-grid-item-excerpt elementor-repeater-item-0025724 tmpcoder-grid-item-display-block tmpcoder-grid-item-align-left\"><div class=\"inner-block\"><p>A Relev\u00e2ncia na emiss\u00e3o das notas fiscais. A partir de 2026, as notas fiscais ser\u00e3o adaptadas para incluir campos espec\u00edficos dos novos tributos criados&hellip;<\/p><\/div><\/div><div class=\"tmpcoder-grid-item-read-more elementor-repeater-item-716d6c5 tmpcoder-grid-item-display-block tmpcoder-grid-item-align-left\"><div class=\"inner-block\"><a target=\"_self\" href=\"https:\/\/suhre.com.br\/?p=2030\" class=\"tmpcoder-button-effect tmpcoder-button-none\"><span>leia mais<\/span><\/a><\/div><\/div><\/div><\/div><\/article><article class=\"tmpcoder-grid-item elementor-clearfix post-2032 post type-post status-publish format-standard hentry category-uncategorized\"><div class=\"tmpcoder-grid-item-inner\"><div class=\"tmpcoder-grid-item-below-content elementor-clearfix\"><h2 class=\"tmpcoder-grid-item-title elementor-repeater-item-b9576fb tmpcoder-grid-item-display-block tmpcoder-grid-item-align-left tmpcoder-pointer-none tmpcoder-pointer-line-fx tmpcoder-pointer-fx-fade\"><div class=\"inner-block\"><a target=\"_self\"  href=\"https:\/\/suhre.com.br\/?p=2032\">DOMICILIO TRIBUTARIO<\/a><\/div><\/h2><div class=\"tmpcoder-grid-item-excerpt elementor-repeater-item-0025724 tmpcoder-grid-item-display-block tmpcoder-grid-item-align-left\"><div class=\"inner-block\"><p>A partir de 1\u00ba de janeiro de 2026, todas as empresas estar\u00e3o obrigadas a utilizar o Domic\u00edlio Tribut\u00e1rio Eletr\u00f4nico (DTE) como canal oficial de&hellip;<\/p><\/div><\/div><div class=\"tmpcoder-grid-item-read-more elementor-repeater-item-716d6c5 tmpcoder-grid-item-display-block tmpcoder-grid-item-align-left\"><div class=\"inner-block\"><a target=\"_self\" href=\"https:\/\/suhre.com.br\/?p=2032\" class=\"tmpcoder-button-effect tmpcoder-button-none\"><span>leia mais<\/span><\/a><\/div><\/div><\/div><\/div><\/article><article class=\"tmpcoder-grid-item elementor-clearfix post-2105 post type-post status-publish format-standard hentry category-uncategorized\"><div class=\"tmpcoder-grid-item-inner\"><div class=\"tmpcoder-grid-item-below-content elementor-clearfix\"><h2 class=\"tmpcoder-grid-item-title elementor-repeater-item-b9576fb tmpcoder-grid-item-display-block tmpcoder-grid-item-align-left tmpcoder-pointer-none tmpcoder-pointer-line-fx tmpcoder-pointer-fx-fade\"><div class=\"inner-block\"><a target=\"_self\"  href=\"https:\/\/suhre.com.br\/?p=2105\">NOVA REGRA mEI E SIMPLES NACIONAL<\/a><\/div><\/h2><div class=\"tmpcoder-grid-item-excerpt elementor-repeater-item-0025724 tmpcoder-grid-item-display-block tmpcoder-grid-item-align-left\"><div class=\"inner-block\"><p>Agora, CPF + CNPJ contam juntos. A Resolu\u00e7\u00e3o CGSN n\u00ba 183\/2025 muda a forma como o faturamento \u00e9 apurado, e isso pode acelerar o&hellip;<\/p><\/div><\/div><div class=\"tmpcoder-grid-item-read-more elementor-repeater-item-716d6c5 tmpcoder-grid-item-display-block tmpcoder-grid-item-align-left\"><div class=\"inner-block\"><a target=\"_self\" href=\"https:\/\/suhre.com.br\/?p=2105\" class=\"tmpcoder-button-effect tmpcoder-button-none\"><span>leia mais<\/span><\/a><\/div><\/div><\/div><\/div><\/article><article class=\"tmpcoder-grid-item elementor-clearfix post-2109 post type-post status-publish format-standard hentry category-uncategorized\"><div class=\"tmpcoder-grid-item-inner\"><div class=\"tmpcoder-grid-item-below-content elementor-clearfix\"><h2 class=\"tmpcoder-grid-item-title elementor-repeater-item-b9576fb tmpcoder-grid-item-display-block tmpcoder-grid-item-align-left tmpcoder-pointer-none tmpcoder-pointer-line-fx tmpcoder-pointer-fx-fade\"><div class=\"inner-block\"><a target=\"_self\"  href=\"https:\/\/suhre.com.br\/?p=2109\">O Pix, meio de pagamento mais popular do Brasil, agora tamb\u00e9m \u00e9 usado pela Receita Federal para cruzar dados e&hellip;<\/a><\/div><\/h2><div class=\"tmpcoder-grid-item-excerpt elementor-repeater-item-0025724 tmpcoder-grid-item-display-block tmpcoder-grid-item-align-left\"><div class=\"inner-block\"><p>A partir de 2025, o sistema passou a contar com intelig\u00eancia artificial (IA) capaz de analisar relat\u00f3rios de bancos e institui\u00e7\u00f5es financeiras, detectando transa\u00e7\u00f5es&hellip;<\/p><\/div><\/div><div class=\"tmpcoder-grid-item-read-more elementor-repeater-item-716d6c5 tmpcoder-grid-item-display-block tmpcoder-grid-item-align-left\"><div class=\"inner-block\"><a target=\"_self\" href=\"https:\/\/suhre.com.br\/?p=2109\" class=\"tmpcoder-button-effect tmpcoder-button-none\"><span>leia mais<\/span><\/a><\/div><\/div><\/div><\/div><\/article><article class=\"tmpcoder-grid-item elementor-clearfix post-2137 post type-post status-publish format-standard hentry category-uncategorized\"><div class=\"tmpcoder-grid-item-inner\"><div class=\"tmpcoder-grid-item-below-content elementor-clearfix\"><h2 class=\"tmpcoder-grid-item-title elementor-repeater-item-b9576fb tmpcoder-grid-item-display-block tmpcoder-grid-item-align-left tmpcoder-pointer-none tmpcoder-pointer-line-fx tmpcoder-pointer-fx-fade\"><div class=\"inner-block\"><a target=\"_self\"  href=\"https:\/\/suhre.com.br\/?p=2137\">Sancionada isen\u00e7\u00e3o do ir<\/a><\/div><\/h2><div class=\"tmpcoder-grid-item-excerpt elementor-repeater-item-0025724 tmpcoder-grid-item-display-block tmpcoder-grid-item-align-left\"><div class=\"inner-block\"><p>O presidente Luiz In\u00e1cio Lula da Silva (PT) sancionou na manh\u00e3 desta quarta-feira, 26 de novembro, o projeto de lei que eleva o teto&hellip;<\/p><\/div><\/div><div class=\"tmpcoder-grid-item-read-more elementor-repeater-item-716d6c5 tmpcoder-grid-item-display-block tmpcoder-grid-item-align-left\"><div class=\"inner-block\"><a target=\"_self\" href=\"https:\/\/suhre.com.br\/?p=2137\" class=\"tmpcoder-button-effect tmpcoder-button-none\"><span>leia mais<\/span><\/a><\/div><\/div><\/div><\/div><\/article><\/section>\t\t\t\t<\/div>\n\t\t\t\t<\/div>\n\t\t\t\t\t<\/div>\n\t\t<\/div>\n\t\t\t\t\t<\/div>\n\t\t<\/section>\n\t\t\t\t\t<\/div>\n\t\t<\/div>\n\t\t\t\t\t<\/div>\n\t\t<\/section>\n\t\t\t\t<\/div>\n\t\t","protected":false},"excerpt":{"rendered":"<p>Confira as not\u00edcias e artigos All Geral Uncategorized CERTIFICADO DIGITAL O Certificado Digital \u00e9 a&nbsp;identidade virtual de pessoas e empresas. Ele garante validade jur\u00eddica e seguran\u00e7a para a assinatura eletr\u00f4nica de documentos e contratos,&hellip; leia mais REFORMA TRIBUTARIA A Relev\u00e2ncia na emiss\u00e3o das notas fiscais. A partir de 2026, as notas fiscais ser\u00e3o adaptadas para [&hellip;]<\/p>\n","protected":false},"author":1,"featured_media":0,"parent":0,"menu_order":0,"comment_status":"closed","ping_status":"closed","template":"elementor_header_footer","meta":{"footnotes":""},"class_list":["post-903","page","type-page","status-publish","hentry"],"_links":{"self":[{"href":"https:\/\/suhre.com.br\/index.php?rest_route=\/wp\/v2\/pages\/903","targetHints":{"allow":["GET"]}}],"collection":[{"href":"https:\/\/suhre.com.br\/index.php?rest_route=\/wp\/v2\/pages"}],"about":[{"href":"https:\/\/suhre.com.br\/index.php?rest_route=\/wp\/v2\/types\/page"}],"author":[{"embeddable":true,"href":"https:\/\/suhre.com.br\/index.php?rest_route=\/wp\/v2\/users\/1"}],"replies":[{"embeddable":true,"href":"https:\/\/suhre.com.br\/index.php?rest_route=%2Fwp%2Fv2%2Fcomments&post=903"}],"version-history":[{"count":17,"href":"https:\/\/suhre.com.br\/index.php?rest_route=\/wp\/v2\/pages\/903\/revisions"}],"predecessor-version":[{"id":2120,"href":"https:\/\/suhre.com.br\/index.php?rest_route=\/wp\/v2\/pages\/903\/revisions\/2120"}],"wp:attachment":[{"href":"https:\/\/suhre.com.br\/index.php?rest_route=%2Fwp%2Fv2%2Fmedia&parent=903"}],"curies":[{"name":"wp","href":"https:\/\/api.w.org\/{rel}","templated":true}]}}