{"id":1118,"date":"2025-05-22T23:50:15","date_gmt":"2025-05-22T23:50:15","guid":{"rendered":"https:\/\/site.suhre.com.br\/?page_id=1118"},"modified":"2025-11-05T23:56:58","modified_gmt":"2025-11-05T23:56:58","slug":"registro-e-gestao-de-marcas-parentes-e-direitos-autorais","status":"publish","type":"page","link":"https:\/\/suhre.com.br\/?page_id=1118","title":{"rendered":""},"content":{"rendered":"\t\t<div data-elementor-type=\"wp-page\" data-elementor-id=\"1118\" class=\"elementor elementor-1118\" data-elementor-post-type=\"page\">\n\t\t\t\t\t\t<section class=\"elementor-section elementor-top-section elementor-element elementor-element-e9cd891 elementor-section-content-middle elementor-section-boxed elementor-section-height-default elementor-section-height-default tmpcoder-particle-no tmpcoder-sticky-section-no\" data-id=\"e9cd891\" data-element_type=\"section\" data-settings=\"{&quot;background_background&quot;:&quot;classic&quot;}\">\n\t\t\t\t\t\t\t<div class=\"elementor-background-overlay\"><\/div>\n\t\t\t\t\t\t\t<div class=\"elementor-container elementor-column-gap-default\">\n\t\t\t\t\t<div class=\"elementor-column elementor-col-50 elementor-top-column elementor-element elementor-element-af35d78 elementor-invisible\" data-id=\"af35d78\" data-element_type=\"column\" data-settings=\"{&quot;animation&quot;:&quot;fadeInLeft&quot;}\">\n\t\t\t<div class=\"elementor-widget-wrap elementor-element-populated\">\n\t\t\t\t\t\t<div class=\"elementor-element elementor-element-689aa85 elementor-widget elementor-widget-image\" data-id=\"689aa85\" data-element_type=\"widget\" data-widget_type=\"image.default\">\n\t\t\t\t<div class=\"elementor-widget-container\">\n\t\t\t\t\t\t\t\t\t\t\t\t\t\t\t<img fetchpriority=\"high\" decoding=\"async\" width=\"640\" height=\"427\" src=\"https:\/\/suhre.com.br\/wp-content\/uploads\/2025\/05\/REGISTRO-MARCA-1024x683.jpg\" class=\"attachment-large size-large wp-image-1121\" alt=\"\" srcset=\"https:\/\/suhre.com.br\/wp-content\/uploads\/2025\/05\/REGISTRO-MARCA-1024x683.jpg 1024w, https:\/\/suhre.com.br\/wp-content\/uploads\/2025\/05\/REGISTRO-MARCA-300x200.jpg 300w, https:\/\/suhre.com.br\/wp-content\/uploads\/2025\/05\/REGISTRO-MARCA-768x512.jpg 768w, https:\/\/suhre.com.br\/wp-content\/uploads\/2025\/05\/REGISTRO-MARCA-1536x1024.jpg 1536w, https:\/\/suhre.com.br\/wp-content\/uploads\/2025\/05\/REGISTRO-MARCA-2048x1366.jpg 2048w\" sizes=\"(max-width: 640px) 100vw, 640px\" \/>\t\t\t\t\t\t\t\t\t\t\t\t\t\t\t<\/div>\n\t\t\t\t<\/div>\n\t\t\t\t<div class=\"elementor-element elementor-element-ca2170c elementor-widget elementor-widget-text-editor\" data-id=\"ca2170c\" data-element_type=\"widget\" data-widget_type=\"text-editor.default\">\n\t\t\t\t<div class=\"elementor-widget-container\">\n\t\t\t\t\t\t\t\t\t<p><strong>Quer saber valor e mais informa\u00e7\u00f5es de como funciona? \u00c9 simples, f\u00e1cil e sem compromisso. Preencha o formulario abaixo:<\/strong><\/p>\t\t\t\t\t\t\t\t<\/div>\n\t\t\t\t<\/div>\n\t\t\t\t<div class=\"elementor-element elementor-element-e4dbc97 elementor-widget elementor-widget-shortcode\" data-id=\"e4dbc97\" data-element_type=\"widget\" data-widget_type=\"shortcode.default\">\n\t\t\t\t<div class=\"elementor-widget-container\">\n\t\t\t\t\t\t\t<div class=\"elementor-shortcode\">\n<div class=\"wpcf7 no-js\" id=\"wpcf7-f1535-o1\" lang=\"pt-BR\" dir=\"ltr\" data-wpcf7-id=\"1535\">\n<div class=\"screen-reader-response\"><p role=\"status\" aria-live=\"polite\" aria-atomic=\"true\"><\/p> <ul><\/ul><\/div>\n<form action=\"\/index.php?rest_route=%2Fwp%2Fv2%2Fpages%2F1118#wpcf7-f1535-o1\" method=\"post\" class=\"wpcf7-form init\" aria-label=\"Formul\u00e1rios de contato\" novalidate=\"novalidate\" data-status=\"init\">\n<fieldset class=\"hidden-fields-container\"><input type=\"hidden\" name=\"_wpcf7\" value=\"1535\" \/><input type=\"hidden\" name=\"_wpcf7_version\" value=\"6.1.3\" \/><input type=\"hidden\" name=\"_wpcf7_locale\" value=\"pt_BR\" \/><input type=\"hidden\" name=\"_wpcf7_unit_tag\" value=\"wpcf7-f1535-o1\" \/><input type=\"hidden\" name=\"_wpcf7_container_post\" value=\"0\" \/><input type=\"hidden\" name=\"_wpcf7_posted_data_hash\" value=\"\" \/>\n<\/fieldset>\n<label> Seu nome\n    <span class=\"wpcf7-form-control-wrap\" data-name=\"your-name\"><input size=\"40\" maxlength=\"400\" class=\"wpcf7-form-control wpcf7-text wpcf7-validates-as-required\" autocomplete=\"name\" aria-required=\"true\" aria-invalid=\"false\" value=\"\" type=\"text\" name=\"your-name\" \/><\/span> <\/label>\n\n<label> Seu e-mail\n    <span class=\"wpcf7-form-control-wrap\" data-name=\"your-email\"><input size=\"40\" maxlength=\"400\" class=\"wpcf7-form-control wpcf7-email wpcf7-validates-as-required wpcf7-text wpcf7-validates-as-email\" autocomplete=\"email\" aria-required=\"true\" aria-invalid=\"false\" value=\"\" type=\"email\" name=\"your-email\" \/><\/span> <\/label>\n\n<label> Telefone\n    <span class=\"wpcf7-form-control-wrap\" data-name=\"tel-55\"><input size=\"40\" maxlength=\"400\" class=\"wpcf7-form-control wpcf7-tel wpcf7-text wpcf7-validates-as-tel\" aria-invalid=\"false\" value=\"\" type=\"tel\" name=\"tel-55\" \/><\/span> <\/label>\n\n\n<input class=\"wpcf7-form-control wpcf7-submit has-spinner\" type=\"submit\" value=\"QUERO REGISTRAR MARCA\" \/><div class=\"wpcf7-response-output\" aria-hidden=\"true\"><\/div>\n<\/form>\n<\/div>\n<\/div>\n\t\t\t\t\t\t<\/div>\n\t\t\t\t<\/div>\n\t\t\t\t<div class=\"elementor-element elementor-element-93d9ebe elementor-widget elementor-widget-text-editor\" data-id=\"93d9ebe\" data-element_type=\"widget\" data-widget_type=\"text-editor.default\">\n\t\t\t\t<div class=\"elementor-widget-container\">\n\t\t\t\t\t\t\t\t\t<p><strong>Se preferir, pode nos chamar clicando no bot\u00e3o de WhatsApp que aparece no canto de sua tela.<\/strong><\/p>\t\t\t\t\t\t\t\t<\/div>\n\t\t\t\t<\/div>\n\t\t\t\t\t<\/div>\n\t\t<\/div>\n\t\t\t\t<div class=\"elementor-column elementor-col-50 elementor-top-column elementor-element elementor-element-d3a8462 elementor-invisible\" data-id=\"d3a8462\" data-element_type=\"column\" data-settings=\"{&quot;animation&quot;:&quot;fadeInRight&quot;}\">\n\t\t\t<div class=\"elementor-widget-wrap elementor-element-populated\">\n\t\t\t\t\t\t<div class=\"elementor-element elementor-element-cae482e elementor-widget elementor-widget-heading\" data-id=\"cae482e\" data-element_type=\"widget\" data-widget_type=\"heading.default\">\n\t\t\t\t<div class=\"elementor-widget-container\">\n\t\t\t\t\t<h4 class=\"elementor-heading-title elementor-size-default\">Voc\u00ea sabia que a marca de sua empresa \u00e9 um PATRIM\u00d4NIO?<\/h4>\t\t\t\t<\/div>\n\t\t\t\t<\/div>\n\t\t\t\t<div class=\"elementor-element elementor-element-779d24d elementor-widget elementor-widget-text-editor\" data-id=\"779d24d\" data-element_type=\"widget\" data-widget_type=\"text-editor.default\">\n\t\t\t\t<div class=\"elementor-widget-container\">\n\t\t\t\t\t\t\t\t\t<p>Que \u00e9 t\u00e3o importante quando qualquer outro \u201cativo\u201d?<\/p><p>Imagine uma situa\u00e7\u00e3o: voc\u00ea tem sua empresa h\u00e1 anos, com seu nome (marca) conhecido no mercado. Seus Clientes procuram por voc\u00ea chamando ou indicando sua empresa \u201cpelo nome\u201d. Inclusive pela Internet. Um \u201cbelo dia\u201d voc\u00ea recebe uma notifica\u00e7\u00e3o que algu\u00e9m \u00e9 \u201co dono da marca de sua empresa\u201d. Ou seja, ele \u00e9 o dono do \u201cnome\u201d da sua empresa, e essa notifica\u00e7\u00e3o diz que voc\u00ea deve PARAR DE USAR O NOME (MARCA) DA SUA EMPRESA IMEDIATAMENTE. O que isso representaria para voc\u00ea? Voc\u00ea tem uma no\u00e7\u00e3o dos custos diretos e indiretos que isso representa? Do preju\u00edzo que voc\u00ea teria se tivesse que TROCAR O NOME DE SUA EMPRESA?<\/p><p>Por isso \u00e9 MUITO IMPORTANTE <u>REGISTRAR SUA MARCA<\/u>! <u>PROTEJA-SE J\u00c1<\/u>!<\/p><ul><li>Garante o uso exclusivo do nome de sua empresa, produto ou servi\u00e7o;<\/li><li>Diferencia sua empresa da concorr\u00eancia, evitando\u00a0perdas incalcul\u00e1veis;<\/li><li>Singularidade no mercado em que atua;<\/li><li>\u00c9 patrim\u00f4nio;<\/li><li>Pode ser licenciada, alugada, franqueada, etc;<\/li><li>Permite avalia\u00e7\u00e3o e uso como patrim\u00f4nio;<\/li><li>Evita a pirataria;<\/li><li>Garante que terceiros n\u00e3o registrem\u00a0sua marca;<\/li><li>Seguran\u00e7a jur\u00eddica para seu neg\u00f3cio;<\/li><\/ul><p>\u00a0 \u00a0 \u00a0 \u00a0\u201cS\u00d3 \u00c9 DONO QUEM <u>REGISTRA<\/u>!!!\u201d<\/p>\t\t\t\t\t\t\t\t<\/div>\n\t\t\t\t<\/div>\n\t\t\t\t\t<\/div>\n\t\t<\/div>\n\t\t\t\t\t<\/div>\n\t\t<\/section>\n\t\t\t\t<\/div>\n\t\t","protected":false},"excerpt":{"rendered":"<p>Quer saber valor e mais informa\u00e7\u00f5es de como funciona? \u00c9 simples, f\u00e1cil e sem compromisso. Preencha o formulario abaixo: Se preferir, pode nos chamar clicando no bot\u00e3o de WhatsApp que aparece no canto de sua tela. Voc\u00ea sabia que a marca de sua empresa \u00e9 um PATRIM\u00d4NIO? Que \u00e9 t\u00e3o importante quando qualquer outro \u201cativo\u201d? [&hellip;]<\/p>\n","protected":false},"author":1,"featured_media":0,"parent":0,"menu_order":0,"comment_status":"closed","ping_status":"closed","template":"","meta":{"footnotes":""},"class_list":["post-1118","page","type-page","status-publish","hentry"],"_links":{"self":[{"href":"https:\/\/suhre.com.br\/index.php?rest_route=\/wp\/v2\/pages\/1118","targetHints":{"allow":["GET"]}}],"collection":[{"href":"https:\/\/suhre.com.br\/index.php?rest_route=\/wp\/v2\/pages"}],"about":[{"href":"https:\/\/suhre.com.br\/index.php?rest_route=\/wp\/v2\/types\/page"}],"author":[{"embeddable":true,"href":"https:\/\/suhre.com.br\/index.php?rest_route=\/wp\/v2\/users\/1"}],"replies":[{"embeddable":true,"href":"https:\/\/suhre.com.br\/index.php?rest_route=%2Fwp%2Fv2%2Fcomments&post=1118"}],"version-history":[{"count":28,"href":"https:\/\/suhre.com.br\/index.php?rest_route=\/wp\/v2\/pages\/1118\/revisions"}],"predecessor-version":[{"id":1771,"href":"https:\/\/suhre.com.br\/index.php?rest_route=\/wp\/v2\/pages\/1118\/revisions\/1771"}],"wp:attachment":[{"href":"https:\/\/suhre.com.br\/index.php?rest_route=%2Fwp%2Fv2%2Fmedia&parent=1118"}],"curies":[{"name":"wp","href":"https:\/\/api.w.org\/{rel}","templated":true}]}}