{"id":1109,"date":"2025-05-22T23:41:10","date_gmt":"2025-05-22T23:41:10","guid":{"rendered":"https:\/\/site.suhre.com.br\/?page_id=1109"},"modified":"2025-11-05T23:50:50","modified_gmt":"2025-11-05T23:50:50","slug":"encerramento-de-empresa","status":"publish","type":"page","link":"https:\/\/suhre.com.br\/?page_id=1109","title":{"rendered":""},"content":{"rendered":"\t\t<div data-elementor-type=\"wp-page\" data-elementor-id=\"1109\" class=\"elementor elementor-1109\" data-elementor-post-type=\"page\">\n\t\t\t\t\t\t<section class=\"elementor-section elementor-top-section elementor-element elementor-element-efcf197 elementor-section-content-top elementor-section-boxed elementor-section-height-default elementor-section-height-default tmpcoder-particle-no tmpcoder-sticky-section-no\" data-id=\"efcf197\" data-element_type=\"section\" data-settings=\"{&quot;background_background&quot;:&quot;classic&quot;}\">\n\t\t\t\t\t\t\t<div class=\"elementor-background-overlay\"><\/div>\n\t\t\t\t\t\t\t<div class=\"elementor-container elementor-column-gap-default\">\n\t\t\t\t\t<div class=\"elementor-column elementor-col-50 elementor-top-column elementor-element elementor-element-67f659f elementor-invisible\" data-id=\"67f659f\" data-element_type=\"column\" data-settings=\"{&quot;animation&quot;:&quot;fadeInLeft&quot;}\">\n\t\t\t<div class=\"elementor-widget-wrap elementor-element-populated\">\n\t\t\t\t\t\t<div class=\"elementor-element elementor-element-a08dfc5 elementor-widget elementor-widget-image\" data-id=\"a08dfc5\" data-element_type=\"widget\" data-widget_type=\"image.default\">\n\t\t\t\t<div class=\"elementor-widget-container\">\n\t\t\t\t\t\t\t\t\t\t\t\t\t\t\t<img fetchpriority=\"high\" decoding=\"async\" width=\"640\" height=\"426\" src=\"https:\/\/suhre.com.br\/wp-content\/uploads\/2025\/05\/ENCERRAR-EMPRESA.jpg\" class=\"attachment-large size-large wp-image-1114\" alt=\"\" srcset=\"https:\/\/suhre.com.br\/wp-content\/uploads\/2025\/05\/ENCERRAR-EMPRESA.jpg 1024w, https:\/\/suhre.com.br\/wp-content\/uploads\/2025\/05\/ENCERRAR-EMPRESA-300x200.jpg 300w, https:\/\/suhre.com.br\/wp-content\/uploads\/2025\/05\/ENCERRAR-EMPRESA-768x512.jpg 768w\" sizes=\"(max-width: 640px) 100vw, 640px\" \/>\t\t\t\t\t\t\t\t\t\t\t\t\t\t\t<\/div>\n\t\t\t\t<\/div>\n\t\t\t\t<div class=\"elementor-element elementor-element-19d7a24 elementor-widget elementor-widget-text-editor\" data-id=\"19d7a24\" data-element_type=\"widget\" data-widget_type=\"text-editor.default\">\n\t\t\t\t<div class=\"elementor-widget-container\">\n\t\t\t\t\t\t\t\t\t<p>S\u00e3o muitas vari\u00e1veis que precisam ser avaliadas, para que uma Pessoa Jur\u00eddica possa ser encerrada. Se isso n\u00e3o for feito da forma correta, poder\u00e1 causar muitos problemas para o(s) s\u00f3cio(s).<\/p><p>Evite um problema que pode vir a ser muito grave, e causar um grande preju\u00edzo! <u>Contrate nossa Consultoria para Encerramento de Pessoa Jur\u00eddica (CEPJ)<\/u>!<\/p><p>Com ela voc\u00ea ser\u00e1 orientado de como realizar o processo de encerramento de sua empresa, sem correr riscos de arcar com multas e ter seu CPF BLOQUEADO.<\/p><p>Ap\u00f3s o resultado da consultoria, voc\u00ea poder\u00e1 contratar nossa assessoria para realizar o processo de encerramento, de forma descomplicada e f\u00e1cil!\u201d<\/p>\t\t\t\t\t\t\t\t<\/div>\n\t\t\t\t<\/div>\n\t\t\t\t\t<\/div>\n\t\t<\/div>\n\t\t\t\t<div class=\"elementor-column elementor-col-50 elementor-top-column elementor-element elementor-element-415be70 elementor-invisible\" data-id=\"415be70\" data-element_type=\"column\" data-settings=\"{&quot;animation&quot;:&quot;fadeInRight&quot;}\">\n\t\t\t<div class=\"elementor-widget-wrap elementor-element-populated\">\n\t\t\t\t\t\t<div class=\"elementor-element elementor-element-7ee7673 elementor-widget elementor-widget-heading\" data-id=\"7ee7673\" data-element_type=\"widget\" data-widget_type=\"heading.default\">\n\t\t\t\t<div class=\"elementor-widget-container\">\n\t\t\t\t\t<h3 class=\"elementor-heading-title elementor-size-default\">Se abrir uma empresa pode ser complicado, FECHAR\/ENCERRAR uma empresa pode ser bem mais!<\/h3>\t\t\t\t<\/div>\n\t\t\t\t<\/div>\n\t\t\t\t<div class=\"elementor-element elementor-element-89cbfaa elementor-widget elementor-widget-text-editor\" data-id=\"89cbfaa\" data-element_type=\"widget\" data-widget_type=\"text-editor.default\">\n\t\t\t\t<div class=\"elementor-widget-container\">\n\t\t\t\t\t\t\t\t\t<p><strong>Quer saber valor e mais informa\u00e7\u00f5es de como funciona? \u00c9 simples, f\u00e1cil e sem compromisso. Preencha o formulario abaixo:<\/strong><\/p>\t\t\t\t\t\t\t\t<\/div>\n\t\t\t\t<\/div>\n\t\t\t\t<div class=\"elementor-element elementor-element-b47e47d elementor-widget__width-inherit elementor-widget elementor-widget-shortcode\" data-id=\"b47e47d\" data-element_type=\"widget\" data-widget_type=\"shortcode.default\">\n\t\t\t\t<div class=\"elementor-widget-container\">\n\t\t\t\t\t\t\t<div class=\"elementor-shortcode\">\n<div class=\"wpcf7 no-js\" id=\"wpcf7-f1521-o1\" lang=\"pt-BR\" dir=\"ltr\" data-wpcf7-id=\"1521\">\n<div class=\"screen-reader-response\"><p role=\"status\" aria-live=\"polite\" aria-atomic=\"true\"><\/p> <ul><\/ul><\/div>\n<form action=\"\/index.php?rest_route=%2Fwp%2Fv2%2Fpages%2F1109#wpcf7-f1521-o1\" method=\"post\" class=\"wpcf7-form init\" aria-label=\"Formul\u00e1rios de contato\" novalidate=\"novalidate\" data-status=\"init\">\n<fieldset class=\"hidden-fields-container\"><input type=\"hidden\" name=\"_wpcf7\" value=\"1521\" \/><input type=\"hidden\" name=\"_wpcf7_version\" value=\"6.1.3\" \/><input type=\"hidden\" name=\"_wpcf7_locale\" value=\"pt_BR\" \/><input type=\"hidden\" name=\"_wpcf7_unit_tag\" value=\"wpcf7-f1521-o1\" \/><input type=\"hidden\" name=\"_wpcf7_container_post\" value=\"0\" \/><input type=\"hidden\" name=\"_wpcf7_posted_data_hash\" value=\"\" \/>\n<\/fieldset>\n<label> Seu nome\n    <span class=\"wpcf7-form-control-wrap\" data-name=\"your-name\"><input size=\"40\" maxlength=\"400\" class=\"wpcf7-form-control wpcf7-text wpcf7-validates-as-required\" autocomplete=\"name\" aria-required=\"true\" aria-invalid=\"false\" value=\"\" type=\"text\" name=\"your-name\" \/><\/span> <\/label>\n\n<label> Seu e-mail\n    <span class=\"wpcf7-form-control-wrap\" data-name=\"your-email\"><input size=\"40\" maxlength=\"400\" class=\"wpcf7-form-control wpcf7-email wpcf7-validates-as-required wpcf7-text wpcf7-validates-as-email\" autocomplete=\"email\" aria-required=\"true\" aria-invalid=\"false\" value=\"\" type=\"email\" name=\"your-email\" \/><\/span> <\/label>\n\n<label> Telefone\n    <span class=\"wpcf7-form-control-wrap\" data-name=\"tel-55\"><input size=\"40\" maxlength=\"400\" class=\"wpcf7-form-control wpcf7-tel wpcf7-text wpcf7-validates-as-tel\" aria-invalid=\"false\" value=\"\" type=\"tel\" name=\"tel-55\" \/><\/span> <\/label>\n\n\n<input class=\"wpcf7-form-control wpcf7-submit has-spinner\" type=\"submit\" value=\"QUERO ENCERRAR EMPRESA\" \/><div class=\"wpcf7-response-output\" aria-hidden=\"true\"><\/div>\n<\/form>\n<\/div>\n<\/div>\n\t\t\t\t\t\t<\/div>\n\t\t\t\t<\/div>\n\t\t\t\t<div class=\"elementor-element elementor-element-a2450a6 elementor-widget elementor-widget-text-editor\" data-id=\"a2450a6\" data-element_type=\"widget\" data-widget_type=\"text-editor.default\">\n\t\t\t\t<div class=\"elementor-widget-container\">\n\t\t\t\t\t\t\t\t\t<p><strong>Se preferir, pode nos chamar clicando no bot\u00e3o de WhatsApp que aparece no canto de sua tela.<\/strong><\/p>\t\t\t\t\t\t\t\t<\/div>\n\t\t\t\t<\/div>\n\t\t\t\t\t<\/div>\n\t\t<\/div>\n\t\t\t\t\t<\/div>\n\t\t<\/section>\n\t\t\t\t<\/div>\n\t\t","protected":false},"excerpt":{"rendered":"<p>S\u00e3o muitas vari\u00e1veis que precisam ser avaliadas, para que uma Pessoa Jur\u00eddica possa ser encerrada. Se isso n\u00e3o for feito da forma correta, poder\u00e1 causar muitos problemas para o(s) s\u00f3cio(s). Evite um problema que pode vir a ser muito grave, e causar um grande preju\u00edzo! Contrate nossa Consultoria para Encerramento de Pessoa Jur\u00eddica (CEPJ)! Com [&hellip;]<\/p>\n","protected":false},"author":1,"featured_media":0,"parent":0,"menu_order":0,"comment_status":"closed","ping_status":"closed","template":"","meta":{"footnotes":""},"class_list":["post-1109","page","type-page","status-publish","hentry"],"_links":{"self":[{"href":"https:\/\/suhre.com.br\/index.php?rest_route=\/wp\/v2\/pages\/1109","targetHints":{"allow":["GET"]}}],"collection":[{"href":"https:\/\/suhre.com.br\/index.php?rest_route=\/wp\/v2\/pages"}],"about":[{"href":"https:\/\/suhre.com.br\/index.php?rest_route=\/wp\/v2\/types\/page"}],"author":[{"embeddable":true,"href":"https:\/\/suhre.com.br\/index.php?rest_route=\/wp\/v2\/users\/1"}],"replies":[{"embeddable":true,"href":"https:\/\/suhre.com.br\/index.php?rest_route=%2Fwp%2Fv2%2Fcomments&post=1109"}],"version-history":[{"count":25,"href":"https:\/\/suhre.com.br\/index.php?rest_route=\/wp\/v2\/pages\/1109\/revisions"}],"predecessor-version":[{"id":1759,"href":"https:\/\/suhre.com.br\/index.php?rest_route=\/wp\/v2\/pages\/1109\/revisions\/1759"}],"wp:attachment":[{"href":"https:\/\/suhre.com.br\/index.php?rest_route=%2Fwp%2Fv2%2Fmedia&parent=1109"}],"curies":[{"name":"wp","href":"https:\/\/api.w.org\/{rel}","templated":true}]}}